{"id":162,"date":"2023-04-17T13:26:11","date_gmt":"2023-04-17T18:26:11","guid":{"rendered":"https:\/\/perforacioneseingenieria.com.co\/?page_id=162"},"modified":"2025-12-01T11:17:40","modified_gmt":"2025-12-01T16:17:40","slug":"contactenos","status":"publish","type":"page","link":"https:\/\/perforacioneseingenieria.com.co\/?page_id=162","title":{"rendered":"Contactenos"},"content":{"rendered":"<p>[et_pb_section fb_built=\u00bb1&#8243; admin_label=\u00bbHeader\u00bb _builder_version=\u00bb4.23.1&#8243; _module_preset=\u00bbdefault\u00bb background_enable_color=\u00bboff\u00bb custom_padding=\u00bb||||false|false\u00bb locked=\u00bboff\u00bb collapsed=\u00bbon\u00bb global_colors_info=\u00bb{%22gcid-af6245ea-df40-48a8-9687-67293107dc0c%22:%91%22background_color%22%93}\u00bb][et_pb_row _builder_version=\u00bb4.23.1&#8243; _module_preset=\u00bbdefault\u00bb max_width=\u00bb750px\u00bb global_colors_info=\u00bb{}\u00bb][et_pb_column type=\u00bb4_4&#8243; _builder_version=\u00bb4.20.0&#8243; _module_preset=\u00bbdefault\u00bb global_colors_info=\u00bb{}\u00bb][et_pb_text _builder_version=\u00bb4.23.1&#8243; _module_preset=\u00bbb56ba22e-db4b-456f-bb63-9e8099b43786&#8243; header_text_color=\u00bb#FFFFFF\u00bb text_orientation=\u00bbcenter\u00bb module_alignment=\u00bbcenter\u00bb custom_margin=\u00bb||10px||false|false\u00bb locked=\u00bboff\u00bb global_colors_info=\u00bb{}\u00bb]<\/p>\n<h1><span style=\"color: #000000;\">CONTACTENOS<\/span><\/h1>\n<p>[\/et_pb_text][et_pb_text _builder_version=\u00bb4.23.1&#8243; _module_preset=\u00bbc97e3dad-dd62-4ffb-9d62-78a42dd5bc76&#8243; text_text_color=\u00bbrgba(255,255,255,0.7)\u00bb text_orientation=\u00bbcenter\u00bb global_colors_info=\u00bb{}\u00bb]<\/p>\n<p><span style=\"color: #000000;\">Nuestro equipo esta listo para apoyarlo en su proyecto<\/span><\/p>\n<p>[\/et_pb_text][et_pb_contact_form captcha=\u00bboff\u00bb email=\u00bbperforacioneseingenieria@gmail.com\u00bb success_message=\u00bbEnviar\u00bb submit_button_text=\u00bbEnviar\u00bb _builder_version=\u00bb4.27.4&#8243; _module_preset=\u00bb6ee6682a-6a97-4b5f-bea4-8604e8616f5b\u00bb form_field_background_color=\u00bb#FFFFFF\u00bb form_field_text_color=\u00bbrgba(0,0,0,0.68)\u00bb form_field_focus_background_color=\u00bbrgba(0,0,0,0.55)\u00bb title_text_color=\u00bb#000000&#8243; captcha_text_color=\u00bb#000000&#8243; button_text_color=\u00bb#FFFFFF\u00bb button_bg_color=\u00bb#E02B20&#8243; locked=\u00bboff\u00bb global_colors_info=\u00bb{%22gcid-8cdb4e16-0e89-4c38-b30b-9fe41127e3f5%22:%91%22button_bg_color%22%93}\u00bb][et_pb_contact_field field_id=\u00bbNombre\u00bb field_title=\u00bbNombre\u00bb fullwidth_field=\u00bbon\u00bb _builder_version=\u00bb4.23.1&#8243; _module_preset=\u00bbdefault\u00bb border_color_all=\u00bb#000000&#8243; global_colors_info=\u00bb{}\u00bb button_text_size__hover_enabled=\u00bboff\u00bb button_one_text_size__hover_enabled=\u00bboff\u00bb button_two_text_size__hover_enabled=\u00bboff\u00bb button_text_color__hover_enabled=\u00bboff\u00bb button_one_text_color__hover_enabled=\u00bboff\u00bb button_two_text_color__hover_enabled=\u00bboff\u00bb button_border_width__hover_enabled=\u00bboff\u00bb button_one_border_width__hover_enabled=\u00bboff\u00bb button_two_border_width__hover_enabled=\u00bboff\u00bb button_border_color__hover_enabled=\u00bboff\u00bb button_one_border_color__hover_enabled=\u00bboff\u00bb button_two_border_color__hover_enabled=\u00bboff\u00bb button_border_radius__hover_enabled=\u00bboff\u00bb button_one_border_radius__hover_enabled=\u00bboff\u00bb button_two_border_radius__hover_enabled=\u00bboff\u00bb button_letter_spacing__hover_enabled=\u00bboff\u00bb button_one_letter_spacing__hover_enabled=\u00bboff\u00bb button_two_letter_spacing__hover_enabled=\u00bboff\u00bb button_bg_color__hover_enabled=\u00bboff\u00bb button_one_bg_color__hover_enabled=\u00bboff\u00bb button_two_bg_color__hover_enabled=\u00bboff\u00bb][\/et_pb_contact_field][et_pb_contact_field field_id=\u00bbEmail\u00bb field_title=\u00bbEmail Address\u00bb field_type=\u00bbemail\u00bb fullwidth_field=\u00bbon\u00bb _builder_version=\u00bb4.27.4&#8243; _module_preset=\u00bbdefault\u00bb border_color_all=\u00bb#000000&#8243; global_colors_info=\u00bb{}\u00bb button_text_size__hover_enabled=\u00bboff\u00bb button_one_text_size__hover_enabled=\u00bboff\u00bb button_two_text_size__hover_enabled=\u00bboff\u00bb button_text_color__hover_enabled=\u00bboff\u00bb button_one_text_color__hover_enabled=\u00bboff\u00bb button_two_text_color__hover_enabled=\u00bboff\u00bb button_border_width__hover_enabled=\u00bboff\u00bb button_one_border_width__hover_enabled=\u00bboff\u00bb button_two_border_width__hover_enabled=\u00bboff\u00bb button_border_color__hover_enabled=\u00bboff\u00bb button_one_border_color__hover_enabled=\u00bboff\u00bb button_two_border_color__hover_enabled=\u00bboff\u00bb button_border_radius__hover_enabled=\u00bboff\u00bb button_one_border_radius__hover_enabled=\u00bboff\u00bb button_two_border_radius__hover_enabled=\u00bboff\u00bb button_letter_spacing__hover_enabled=\u00bboff\u00bb button_one_letter_spacing__hover_enabled=\u00bboff\u00bb button_two_letter_spacing__hover_enabled=\u00bboff\u00bb button_bg_color__hover_enabled=\u00bboff\u00bb button_one_bg_color__hover_enabled=\u00bboff\u00bb button_two_bg_color__hover_enabled=\u00bboff\u00bb][\/et_pb_contact_field][et_pb_contact_field field_id=\u00bbMensaje\u00bb field_title=\u00bbMensaje\u00bb field_type=\u00bbtext\u00bb fullwidth_field=\u00bbon\u00bb _builder_version=\u00bb4.27.4&#8243; _module_preset=\u00bbdefault\u00bb border_color_all=\u00bb#000000&#8243; global_colors_info=\u00bb{}\u00bb button_text_size__hover_enabled=\u00bboff\u00bb button_one_text_size__hover_enabled=\u00bboff\u00bb button_two_text_size__hover_enabled=\u00bboff\u00bb button_text_color__hover_enabled=\u00bboff\u00bb button_one_text_color__hover_enabled=\u00bboff\u00bb button_two_text_color__hover_enabled=\u00bboff\u00bb button_border_width__hover_enabled=\u00bboff\u00bb button_one_border_width__hover_enabled=\u00bboff\u00bb button_two_border_width__hover_enabled=\u00bboff\u00bb button_border_color__hover_enabled=\u00bboff\u00bb button_one_border_color__hover_enabled=\u00bboff\u00bb button_two_border_color__hover_enabled=\u00bboff\u00bb button_border_radius__hover_enabled=\u00bboff\u00bb button_one_border_radius__hover_enabled=\u00bboff\u00bb button_two_border_radius__hover_enabled=\u00bboff\u00bb button_letter_spacing__hover_enabled=\u00bboff\u00bb button_one_letter_spacing__hover_enabled=\u00bboff\u00bb button_two_letter_spacing__hover_enabled=\u00bboff\u00bb button_bg_color__hover_enabled=\u00bboff\u00bb button_one_bg_color__hover_enabled=\u00bboff\u00bb button_two_bg_color__hover_enabled=\u00bboff\u00bb][\/et_pb_contact_field][\/et_pb_contact_form][\/et_pb_column][\/et_pb_row][et_pb_row column_structure=\u00bb1_3,1_3,1_3&#8243; use_custom_gutter=\u00bbon\u00bb gutter_width=\u00bb2&#8243; make_equal=\u00bbon\u00bb _builder_version=\u00bb4.23.1&#8243; _module_preset=\u00bbdefault\u00bb locked=\u00bboff\u00bb global_colors_info=\u00bb{}\u00bb][et_pb_column type=\u00bb1_3&#8243; _builder_version=\u00bb4.23.1&#8243; _module_preset=\u00bbdefault\u00bb custom_padding=\u00bb50px|30px|50px|30px|true|true\u00bb border_radii=\u00bbon|10px|10px|10px|10px\u00bb border_width_all=\u00bb2px\u00bb border_color_all=\u00bbgcid-aa5ce8f4-a042-4184-8a76-3f3d083cef18&#8243; global_colors_info=\u00bb{%22gcid-aa5ce8f4-a042-4184-8a76-3f3d083cef18%22:%91%22border_color_all%22%93}\u00bb border_color_all__hover_enabled=\u00bbon|hover\u00bb border_color_all__hover=\u00bb#E02B20&#8243;][et_pb_icon font_icon=\u00bb&#xe076;||divi||400&#8243; icon_color=\u00bbgcid-8cdb4e16-0e89-4c38-b30b-9fe41127e3f5&#8243; icon_width=\u00bb32px\u00bb _builder_version=\u00bb4.23.1&#8243; _module_preset=\u00bbdefault\u00bb global_colors_info=\u00bb{%22gcid-8cdb4e16-0e89-4c38-b30b-9fe41127e3f5%22:%91%22icon_color%22%93}\u00bb][\/et_pb_icon][et_pb_text _builder_version=\u00bb4.23.1&#8243; _module_preset=\u00bb4f0c99ac-d016-4b2a-88e0-008ee75f3b07&#8243; header_3_text_color=\u00bb#FFFFFF\u00bb text_orientation=\u00bbcenter\u00bb custom_margin=\u00bb||0px||false|false\u00bb global_colors_info=\u00bb{}\u00bb]<\/p>\n<h3><span style=\"color: #000000;\">Correo electr\u00f3nico<\/span><\/h3>\n<p>[\/et_pb_text][et_pb_text _builder_version=\u00bb4.23.1&#8243; _module_preset=\u00bb0ef12240-be6a-43e6-85ef-7d945494b067&#8243; text_text_color=\u00bbrgba(255,255,255,0.7)\u00bb link_text_color=\u00bbrgba(255,255,255,0.7)\u00bb text_orientation=\u00bbcenter\u00bb global_colors_info=\u00bb{}\u00bb]<\/p>\n<p><span style=\"color: #000000;\">perforacioneseingenieria@gmail.com<\/span><\/p>\n<p>[\/et_pb_text][\/et_pb_column][et_pb_column type=\u00bb1_3&#8243; _builder_version=\u00bb4.23.1&#8243; _module_preset=\u00bbdefault\u00bb custom_padding=\u00bb50px|30px|50px|30px|true|true\u00bb border_radii=\u00bbon|10px|10px|10px|10px\u00bb border_width_all=\u00bb2px\u00bb border_color_all=\u00bbgcid-aa5ce8f4-a042-4184-8a76-3f3d083cef18&#8243; global_colors_info=\u00bb{%22gcid-aa5ce8f4-a042-4184-8a76-3f3d083cef18%22:%91%22border_color_all%22%93}\u00bb border_color_all__hover_enabled=\u00bbon|hover\u00bb border_color_all__hover=\u00bb#E02B20&#8243;][et_pb_icon font_icon=\u00bb&#xe090;||divi||400&#8243; icon_color=\u00bbgcid-8cdb4e16-0e89-4c38-b30b-9fe41127e3f5&#8243; icon_width=\u00bb32px\u00bb _builder_version=\u00bb4.20.0&#8243; _module_preset=\u00bbdefault\u00bb locked=\u00bboff\u00bb global_colors_info=\u00bb{%22gcid-8cdb4e16-0e89-4c38-b30b-9fe41127e3f5%22:%91%22icon_color%22%93}\u00bb][\/et_pb_icon][et_pb_text _builder_version=\u00bb4.23.1&#8243; _module_preset=\u00bb4f0c99ac-d016-4b2a-88e0-008ee75f3b07&#8243; header_3_text_color=\u00bb#FFFFFF\u00bb text_orientation=\u00bbcenter\u00bb custom_margin=\u00bb||0px||false|false\u00bb locked=\u00bboff\u00bb global_colors_info=\u00bb{}\u00bb]<\/p>\n<h3><span style=\"color: #000000;\">Tel\u00e9fono o Whatsapp<\/span><\/h3>\n<p>[\/et_pb_text][et_pb_text _builder_version=\u00bb4.27.4&#8243; _module_preset=\u00bb0ef12240-be6a-43e6-85ef-7d945494b067&#8243; text_text_color=\u00bbrgba(255,255,255,0.7)\u00bb link_text_color=\u00bbrgba(255,255,255,0.7)\u00bb text_orientation=\u00bbcenter\u00bb locked=\u00bboff\u00bb global_colors_info=\u00bb{}\u00bb]<\/p>\n<p style=\"text-align: left;\"><a href=\"https:\/\/wa.me\/573213678183\"><span style=\"color: #000000;\"><strong>Bogot\u00e1:<\/strong> 321 367 8183 &#8211; 300 214 1306<\/span><\/a><\/p>\n<p style=\"text-align: left;\"><a href=\"https:\/\/wa.me\/573213678183\"><span style=\"color: #000000;\"><strong>Barranquilla: <\/strong>318 875 0917<\/span><\/a><\/p>\n<p style=\"text-align: left;\"><a href=\"https:\/\/wa.me\/573213678183\"><span style=\"color: #000000;\"><strong>Manizales: <\/strong>300 268 8334\u00a0<\/span><\/a><\/p>\n<p><a href=\"https:\/\/wa.me\/573002141306\"><span style=\"color: #000000;\"><\/span><\/a><\/p>\n<p>[\/et_pb_text][\/et_pb_column][et_pb_column type=\u00bb1_3&#8243; _builder_version=\u00bb4.23.1&#8243; _module_preset=\u00bbdefault\u00bb custom_padding=\u00bb50px|30px|50px|30px|true|true\u00bb border_radii=\u00bbon|10px|10px|10px|10px\u00bb border_width_all=\u00bb2px\u00bb border_color_all=\u00bbgcid-aa5ce8f4-a042-4184-8a76-3f3d083cef18&#8243; global_colors_info=\u00bb{%22gcid-aa5ce8f4-a042-4184-8a76-3f3d083cef18%22:%91%22border_color_all%22%93}\u00bb border_color_all__hover_enabled=\u00bbon|hover\u00bb border_color_all__hover=\u00bb#E02B20&#8243;][et_pb_icon font_icon=\u00bb&#xe081;||divi||400&#8243; icon_color=\u00bbgcid-8cdb4e16-0e89-4c38-b30b-9fe41127e3f5&#8243; icon_width=\u00bb32px\u00bb _builder_version=\u00bb4.23.1&#8243; _module_preset=\u00bbdefault\u00bb locked=\u00bboff\u00bb global_colors_info=\u00bb{%22gcid-8cdb4e16-0e89-4c38-b30b-9fe41127e3f5%22:%91%22icon_color%22%93}\u00bb][\/et_pb_icon][et_pb_text _builder_version=\u00bb4.23.1&#8243; _module_preset=\u00bb4f0c99ac-d016-4b2a-88e0-008ee75f3b07&#8243; header_3_text_color=\u00bb#FFFFFF\u00bb text_orientation=\u00bbcenter\u00bb custom_margin=\u00bb||0px||false|false\u00bb locked=\u00bboff\u00bb global_colors_info=\u00bb{}\u00bb]<\/p>\n<h3><span style=\"color: #000000;\">Direcci\u00f3n<\/span><\/h3>\n<p>[\/et_pb_text][et_pb_text _builder_version=\u00bb4.27.4&#8243; _module_preset=\u00bb0ef12240-be6a-43e6-85ef-7d945494b067&#8243; text_text_color=\u00bbrgba(255,255,255,0.7)\u00bb link_text_color=\u00bbrgba(255,255,255,0.7)\u00bb text_orientation=\u00bbcenter\u00bb hover_enabled=\u00bb0&#8243; locked=\u00bboff\u00bb global_colors_info=\u00bb{}\u00bb sticky_enabled=\u00bb0&#8243;]<\/p>\n<p style=\"text-align: left;\"><span style=\"color: #000000;\"><strong>Bogot\u00e1: <\/strong>Cra 21 No. 66-29<\/span><\/p>\n<p style=\"text-align: left;\"><span style=\"color: #000000;\"><strong>Barranquilla: <\/strong>Calle 69 v\u00eda 40-431<\/span><\/p>\n<p style=\"text-align: left;\"><strong><span style=\"color: #000000;\">Manizales: <\/span><\/strong><span style=\"color: #000000;\">Calle 81B # 25-41<\/span><\/p>\n<p>[\/et_pb_text][et_pb_text _builder_version=\u00bb4.27.4&#8243; _module_preset=\u00bb0ef12240-be6a-43e6-85ef-7d945494b067&#8243; text_text_color=\u00bbrgba(255,255,255,0.7)\u00bb link_text_color=\u00bbrgba(255,255,255,0.7)\u00bb text_orientation=\u00bbcenter\u00bb locked=\u00bboff\u00bb global_colors_info=\u00bb{}\u00bb][\/et_pb_text][\/et_pb_column][\/et_pb_row][\/et_pb_section]<\/p>\n","protected":false},"excerpt":{"rendered":"<p>CONTACTENOSNuestro equipo esta listo para apoyarlo en su proyectoCorreo electr\u00f3nicoperforacioneseingenieria@gmail.comTel\u00e9fono o WhatsappBogot\u00e1: 321 367 8183 &#8211; 300 214 1306 Barranquilla: 318 875 0917 Manizales: 300 268 8334\u00a0 Direcci\u00f3nBogot\u00e1: Cra 21 No. 66-29 Barranquilla: Calle 69 v\u00eda 40-431 Manizales: Calle 81B # 25-41<\/p>\n","protected":false},"author":2,"featured_media":0,"parent":0,"menu_order":0,"comment_status":"closed","ping_status":"closed","template":"","meta":{"_et_pb_use_builder":"on","_et_pb_old_content":"","_et_gb_content_width":"","_joinchat":[],"footnotes":""},"class_list":["post-162","page","type-page","status-publish","hentry"],"yoast_head":"<!-- This site is optimized with the Yoast SEO plugin v25.1 - https:\/\/yoast.com\/wordpress\/plugins\/seo\/ -->\n<title>Contactenos | perforacioneseingenieria.com.co<\/title>\n<meta name=\"robots\" content=\"index, follow, max-snippet:-1, max-image-preview:large, max-video-preview:-1\" \/>\n<link rel=\"canonical\" href=\"https:\/\/perforacioneseingenieria.com.co\/?page_id=162\" \/>\n<meta property=\"og:locale\" content=\"es_ES\" \/>\n<meta property=\"og:type\" content=\"article\" \/>\n<meta property=\"og:title\" content=\"Contactenos | perforacioneseingenieria.com.co\" \/>\n<meta property=\"og:description\" content=\"CONTACTENOSNuestro equipo esta listo para apoyarlo en su proyectoCorreo electr\u00f3nicoperforacioneseingenieria@gmail.comTel\u00e9fono o WhatsappBogot\u00e1: 321 367 8183 - 300 214 1306 Barranquilla: 318 875 0917 Manizales: 300 268 8334\u00a0 Direcci\u00f3nBogot\u00e1: Cra 21 No. 66-29 Barranquilla: Calle 69 v\u00eda 40-431 Manizales: Calle 81B # 25-41\" \/>\n<meta property=\"og:url\" content=\"https:\/\/perforacioneseingenieria.com.co\/?page_id=162\" \/>\n<meta property=\"og:site_name\" content=\"perforacioneseingenieria.com.co\" \/>\n<meta property=\"article:publisher\" content=\"https:\/\/www.facebook.com\/perforaciones.sas\" \/>\n<meta property=\"article:modified_time\" content=\"2025-12-01T16:17:40+00:00\" \/>\n<meta name=\"twitter:card\" content=\"summary_large_image\" \/>\n<meta name=\"twitter:label1\" content=\"Tiempo de lectura\" \/>\n\t<meta name=\"twitter:data1\" content=\"7 minutos\" \/>\n<script type=\"application\/ld+json\" class=\"yoast-schema-graph\">{\"@context\":\"https:\/\/schema.org\",\"@graph\":[{\"@type\":\"WebPage\",\"@id\":\"https:\/\/perforacioneseingenieria.com.co\/?page_id=162\",\"url\":\"https:\/\/perforacioneseingenieria.com.co\/?page_id=162\",\"name\":\"Contactenos | perforacioneseingenieria.com.co\",\"isPartOf\":{\"@id\":\"https:\/\/perforacioneseingenieria.com.co\/#website\"},\"datePublished\":\"2023-04-17T18:26:11+00:00\",\"dateModified\":\"2025-12-01T16:17:40+00:00\",\"breadcrumb\":{\"@id\":\"https:\/\/perforacioneseingenieria.com.co\/?page_id=162#breadcrumb\"},\"inLanguage\":\"es\",\"potentialAction\":[{\"@type\":\"ReadAction\",\"target\":[\"https:\/\/perforacioneseingenieria.com.co\/?page_id=162\"]}]},{\"@type\":\"BreadcrumbList\",\"@id\":\"https:\/\/perforacioneseingenieria.com.co\/?page_id=162#breadcrumb\",\"itemListElement\":[{\"@type\":\"ListItem\",\"position\":1,\"name\":\"Inicio\",\"item\":\"https:\/\/perforacioneseingenieria.com.co\/\"},{\"@type\":\"ListItem\",\"position\":2,\"name\":\"Contactenos\"}]},{\"@type\":\"WebSite\",\"@id\":\"https:\/\/perforacioneseingenieria.com.co\/#website\",\"url\":\"https:\/\/perforacioneseingenieria.com.co\/\",\"name\":\"\u25b7 Perforaciones e ingenier\u00eda llama ya \u260e\ufe0f3213678183\",\"description\":\"Perforaciones e ingenier\u00eda llama ya \u260e\ufe0f3213678183\",\"publisher\":{\"@id\":\"https:\/\/perforacioneseingenieria.com.co\/#organization\"},\"alternateName\":\"Los expertos en Perforaciones e ingenier\u00eda\",\"potentialAction\":[{\"@type\":\"SearchAction\",\"target\":{\"@type\":\"EntryPoint\",\"urlTemplate\":\"https:\/\/perforacioneseingenieria.com.co\/?s={search_term_string}\"},\"query-input\":{\"@type\":\"PropertyValueSpecification\",\"valueRequired\":true,\"valueName\":\"search_term_string\"}}],\"inLanguage\":\"es\"},{\"@type\":\"Organization\",\"@id\":\"https:\/\/perforacioneseingenieria.com.co\/#organization\",\"name\":\"\u25b7 Perforaciones e ingenier\u00eda llama ya \u260e\ufe0f3213678183\",\"url\":\"https:\/\/perforacioneseingenieria.com.co\/\",\"logo\":{\"@type\":\"ImageObject\",\"inLanguage\":\"es\",\"@id\":\"https:\/\/perforacioneseingenieria.com.co\/#\/schema\/logo\/image\/\",\"url\":\"https:\/\/perforacioneseingenieria.com.co\/wp-content\/uploads\/2023\/04\/cropped-Logo-Perforaciones-icon-01.webp\",\"contentUrl\":\"https:\/\/perforacioneseingenieria.com.co\/wp-content\/uploads\/2023\/04\/cropped-Logo-Perforaciones-icon-01.webp\",\"width\":512,\"height\":512,\"caption\":\"\u25b7 Perforaciones e ingenier\u00eda llama ya \u260e\ufe0f3213678183\"},\"image\":{\"@id\":\"https:\/\/perforacioneseingenieria.com.co\/#\/schema\/logo\/image\/\"},\"sameAs\":[\"https:\/\/www.facebook.com\/perforaciones.sas\",\"https:\/\/www.instagram.com\/perfoingesa\",\"https:\/\/www.youtube.com\/@perforacioneseingenieriasa2629\"]}]}<\/script>\n<!-- \/ Yoast SEO plugin. -->","yoast_head_json":{"title":"Contactenos | perforacioneseingenieria.com.co","robots":{"index":"index","follow":"follow","max-snippet":"max-snippet:-1","max-image-preview":"max-image-preview:large","max-video-preview":"max-video-preview:-1"},"canonical":"https:\/\/perforacioneseingenieria.com.co\/?page_id=162","og_locale":"es_ES","og_type":"article","og_title":"Contactenos | perforacioneseingenieria.com.co","og_description":"CONTACTENOSNuestro equipo esta listo para apoyarlo en su proyectoCorreo electr\u00f3nicoperforacioneseingenieria@gmail.comTel\u00e9fono o WhatsappBogot\u00e1: 321 367 8183 - 300 214 1306 Barranquilla: 318 875 0917 Manizales: 300 268 8334\u00a0 Direcci\u00f3nBogot\u00e1: Cra 21 No. 66-29 Barranquilla: Calle 69 v\u00eda 40-431 Manizales: Calle 81B # 25-41","og_url":"https:\/\/perforacioneseingenieria.com.co\/?page_id=162","og_site_name":"perforacioneseingenieria.com.co","article_publisher":"https:\/\/www.facebook.com\/perforaciones.sas","article_modified_time":"2025-12-01T16:17:40+00:00","twitter_card":"summary_large_image","twitter_misc":{"Tiempo de lectura":"7 minutos"},"schema":{"@context":"https:\/\/schema.org","@graph":[{"@type":"WebPage","@id":"https:\/\/perforacioneseingenieria.com.co\/?page_id=162","url":"https:\/\/perforacioneseingenieria.com.co\/?page_id=162","name":"Contactenos | perforacioneseingenieria.com.co","isPartOf":{"@id":"https:\/\/perforacioneseingenieria.com.co\/#website"},"datePublished":"2023-04-17T18:26:11+00:00","dateModified":"2025-12-01T16:17:40+00:00","breadcrumb":{"@id":"https:\/\/perforacioneseingenieria.com.co\/?page_id=162#breadcrumb"},"inLanguage":"es","potentialAction":[{"@type":"ReadAction","target":["https:\/\/perforacioneseingenieria.com.co\/?page_id=162"]}]},{"@type":"BreadcrumbList","@id":"https:\/\/perforacioneseingenieria.com.co\/?page_id=162#breadcrumb","itemListElement":[{"@type":"ListItem","position":1,"name":"Inicio","item":"https:\/\/perforacioneseingenieria.com.co\/"},{"@type":"ListItem","position":2,"name":"Contactenos"}]},{"@type":"WebSite","@id":"https:\/\/perforacioneseingenieria.com.co\/#website","url":"https:\/\/perforacioneseingenieria.com.co\/","name":"\u25b7 Perforaciones e ingenier\u00eda llama ya \u260e\ufe0f3213678183","description":"Perforaciones e ingenier\u00eda llama ya \u260e\ufe0f3213678183","publisher":{"@id":"https:\/\/perforacioneseingenieria.com.co\/#organization"},"alternateName":"Los expertos en Perforaciones e ingenier\u00eda","potentialAction":[{"@type":"SearchAction","target":{"@type":"EntryPoint","urlTemplate":"https:\/\/perforacioneseingenieria.com.co\/?s={search_term_string}"},"query-input":{"@type":"PropertyValueSpecification","valueRequired":true,"valueName":"search_term_string"}}],"inLanguage":"es"},{"@type":"Organization","@id":"https:\/\/perforacioneseingenieria.com.co\/#organization","name":"\u25b7 Perforaciones e ingenier\u00eda llama ya \u260e\ufe0f3213678183","url":"https:\/\/perforacioneseingenieria.com.co\/","logo":{"@type":"ImageObject","inLanguage":"es","@id":"https:\/\/perforacioneseingenieria.com.co\/#\/schema\/logo\/image\/","url":"https:\/\/perforacioneseingenieria.com.co\/wp-content\/uploads\/2023\/04\/cropped-Logo-Perforaciones-icon-01.webp","contentUrl":"https:\/\/perforacioneseingenieria.com.co\/wp-content\/uploads\/2023\/04\/cropped-Logo-Perforaciones-icon-01.webp","width":512,"height":512,"caption":"\u25b7 Perforaciones e ingenier\u00eda llama ya \u260e\ufe0f3213678183"},"image":{"@id":"https:\/\/perforacioneseingenieria.com.co\/#\/schema\/logo\/image\/"},"sameAs":["https:\/\/www.facebook.com\/perforaciones.sas","https:\/\/www.instagram.com\/perfoingesa","https:\/\/www.youtube.com\/@perforacioneseingenieriasa2629"]}]}},"_links":{"self":[{"href":"https:\/\/perforacioneseingenieria.com.co\/index.php?rest_route=\/wp\/v2\/pages\/162","targetHints":{"allow":["GET"]}}],"collection":[{"href":"https:\/\/perforacioneseingenieria.com.co\/index.php?rest_route=\/wp\/v2\/pages"}],"about":[{"href":"https:\/\/perforacioneseingenieria.com.co\/index.php?rest_route=\/wp\/v2\/types\/page"}],"author":[{"embeddable":true,"href":"https:\/\/perforacioneseingenieria.com.co\/index.php?rest_route=\/wp\/v2\/users\/2"}],"replies":[{"embeddable":true,"href":"https:\/\/perforacioneseingenieria.com.co\/index.php?rest_route=%2Fwp%2Fv2%2Fcomments&post=162"}],"version-history":[{"count":13,"href":"https:\/\/perforacioneseingenieria.com.co\/index.php?rest_route=\/wp\/v2\/pages\/162\/revisions"}],"predecessor-version":[{"id":4112,"href":"https:\/\/perforacioneseingenieria.com.co\/index.php?rest_route=\/wp\/v2\/pages\/162\/revisions\/4112"}],"wp:attachment":[{"href":"https:\/\/perforacioneseingenieria.com.co\/index.php?rest_route=%2Fwp%2Fv2%2Fmedia&parent=162"}],"curies":[{"name":"wp","href":"https:\/\/api.w.org\/{rel}","templated":true}]}}