{"id":154,"date":"2023-04-17T12:03:02","date_gmt":"2023-04-17T17:03:02","guid":{"rendered":"https:\/\/perforacioneseingenieria.com.co\/?page_id=154"},"modified":"2025-08-04T18:54:26","modified_gmt":"2025-08-04T23:54:26","slug":"nosotros","status":"publish","type":"page","link":"https:\/\/perforacioneseingenieria.com.co\/?page_id=154","title":{"rendered":"Nosotros"},"content":{"rendered":"<p>[et_pb_section fb_built=\u00bb1&#8243; admin_label=\u00bbHero\u00bb _builder_version=\u00bb4.16&#8243; use_background_color_gradient=\u00bbon\u00bb background_color_gradient_direction=\u00bb90deg\u00bb background_color_gradient_stops=\u00bbrgba(240,242,246,0.5) 0%|rgba(255,255,255,0) 100%\u00bb background_color_gradient_start=\u00bbrgba(240,242,246,0.5)\u00bb background_color_gradient_end=\u00bbrgba(255,255,255,0)\u00bb custom_padding=\u00bb0|0px|0|0px|false|false\u00bb global_colors_info=\u00bb{}\u00bb][et_pb_row column_structure=\u00bb1_2,1_2&#8243; padding_top_bottom_link_1=\u00bbtrue\u00bb _builder_version=\u00bb4.16&#8243; custom_padding=\u00bb0|0px|0|1px|false|false\u00bb global_colors_info=\u00bb{}\u00bb][et_pb_column type=\u00bb1_2&#8243; _builder_version=\u00bb4.16&#8243; background_color_gradient_direction=\u00bb270deg\u00bb background_color_gradient_start=\u00bb#ffffff\u00bb background_color_gradient_end=\u00bbrgba(255,255,255,0.8)\u00bb custom_padding=\u00bb6vw||6vw|\u00bb custom_padding_tablet=\u00bb|5%||5%||true\u00bb custom_padding_phone=\u00bb|7%||7%||true\u00bb global_colors_info=\u00bb{}\u00bb padding_phone=\u00bb|7%||7%||true\u00bb padding_tablet=\u00bb|5%||5%||true\u00bb custom_padding__hover=\u00bb|||\u00bb][et_pb_text _builder_version=\u00bb4.27.4&#8243; text_font=\u00bbRed Hat Display||||||||\u00bb text_font_size=\u00bb18px\u00bb text_line_height=\u00bb1.8em\u00bb header_font=\u00bbRed Hat Display|900|||||||\u00bb header_font_size=\u00bb70px\u00bb header_line_height=\u00bb1.5em\u00bb header_3_font=\u00bbLato|700||on|||||\u00bb header_3_text_color=\u00bb#3550a0&#8243; header_3_font_size=\u00bb20px\u00bb header_3_line_height=\u00bb1.5em\u00bb custom_margin=\u00bb|||\u00bb header_font_size_tablet=\u00bb50px\u00bb header_font_size_phone=\u00bb32px\u00bb header_font_size_last_edited=\u00bbon|tablet\u00bb header_3_font_size_tablet=\u00bb50px\u00bb header_3_font_size_phone=\u00bb32px\u00bb header_3_font_size_last_edited=\u00bboff|desktop\u00bb locked=\u00bboff\u00bb global_colors_info=\u00bb{}\u00bb]<\/p>\n<h1><span style=\"color: #333333;\">Nosotros<\/span><\/h1>\n<h3><span style=\"color: #333333;\">Perforaciones e Ingenier\u00eda S.A.S.<\/span><\/h3>\n<p><span style=\"color: #333333;\">es una empresa colombiana fundada por ingenieros civiles con el objetivo de ofrecer soluciones especializadas en perforaci\u00f3n subterr\u00e1nea utilizando tecnolog\u00eda de vanguardia.<\/span><\/p>\n<p>[\/et_pb_text][et_pb_button button_url=\u00bbhttps:\/\/wa.me\/573213678183&#8243; url_new_window=\u00bbon\u00bb button_text=\u00bbCont\u00e1ctanos\u00bb _builder_version=\u00bb4.27.4&#8243; custom_button=\u00bbon\u00bb button_text_size=\u00bb16px\u00bb button_text_color=\u00bb#ffffff\u00bb button_bg_color=\u00bb#e02b20&#8243; button_border_width=\u00bb10px\u00bb button_border_color=\u00bbrgba(210,159,104,0)\u00bb button_border_radius=\u00bb100px\u00bb button_font=\u00bbLato|900|||||||\u00bb button_use_icon=\u00bboff\u00bb custom_padding=\u00bb|50px||50px|false|true\u00bb custom_css_free_form=\u00bb.et_pb_button_0 {||\tbackground-color: #171717;||}\u00bb button_bg_color_hover=\u00bb#4159a0&#8243; locked=\u00bboff\u00bb global_colors_info=\u00bb{}\u00bb button_text_size__hover_enabled=\u00bboff\u00bb button_one_text_size__hover_enabled=\u00bboff\u00bb button_two_text_size__hover_enabled=\u00bboff\u00bb button_text_color__hover_enabled=\u00bboff\u00bb button_one_text_color__hover_enabled=\u00bboff\u00bb button_two_text_color__hover_enabled=\u00bboff\u00bb button_border_width__hover_enabled=\u00bboff\u00bb button_one_border_width__hover_enabled=\u00bboff\u00bb button_two_border_width__hover_enabled=\u00bboff\u00bb button_border_color__hover_enabled=\u00bboff\u00bb button_one_border_color__hover_enabled=\u00bboff\u00bb button_two_border_color__hover_enabled=\u00bboff\u00bb button_border_radius__hover_enabled=\u00bboff\u00bb button_one_border_radius__hover_enabled=\u00bboff\u00bb button_two_border_radius__hover_enabled=\u00bboff\u00bb button_letter_spacing__hover_enabled=\u00bboff\u00bb button_one_letter_spacing__hover_enabled=\u00bboff\u00bb button_two_letter_spacing__hover_enabled=\u00bboff\u00bb button_bg_color__hover_enabled=\u00bbon\u00bb button_bg_color__hover=\u00bb#4159a0&#8243; button_one_bg_color__hover_enabled=\u00bboff\u00bb button_two_bg_color__hover_enabled=\u00bboff\u00bb]<\/p>\n<h1>About Anthony<\/h1>\n<h3>Business CoacH<\/h3>\n<p>Lorem ipsum dolor sit amet, consectetur adipiscing elit, sed do eiusmod tempor incididunt ut labore et dolore magna aliqua. Ut enim ad minim veniam. Lorem ipsum dolor sit amet, cons<\/p>\n<p>[\/et_pb_button][\/et_pb_column][et_pb_column type=\u00bb1_2&#8243; _builder_version=\u00bb4.16&#8243; background_color_gradient_start=\u00bb#3550a0&#8243; background_color_gradient_start_position=\u00bb25%\u00bb background_color_gradient_end=\u00bbrgba(240,242,246,0)\u00bb background_color_gradient_end_position=\u00bb25%\u00bb custom_padding=\u00bb|||\u00bb custom_padding_tablet=\u00bb|0px||0px|false|true\u00bb global_colors_info=\u00bb{}\u00bb padding_tablet=\u00bb|0px||0px|false|true\u00bb custom_padding__hover=\u00bb|||\u00bb][et_pb_image src=\u00bbhttp:\/\/perforacioneseingenieria.com.co\/wp-content\/uploads\/2025\/07\/465581697_10222308889669876_383003951565747741_n.jpg\u00bb title_text=\u00bb465581697_10222308889669876_383003951565747741_n\u00bb align_tablet=\u00bbcenter\u00bb align_phone=\u00bbcenter\u00bb align_last_edited=\u00bbon|desktop\u00bb _builder_version=\u00bb4.27.4&#8243; use_background_color_gradient=\u00bbon\u00bb background_color_gradient_stops=\u00bb#e02b20 0%|#e02b20 25%|rgba(240,242,246,0) 25%\u00bb background_color_gradient_start=\u00bb#3550a0&#8243; background_color_gradient_start_position=\u00bb25%\u00bb background_color_gradient_end=\u00bbrgba(240,242,246,0)\u00bb background_color_gradient_end_position=\u00bb25%\u00bb width=\u00bb99.7%\u00bb max_width_last_edited=\u00bboff|desktop\u00bb custom_padding=\u00bb|||60px\u00bb animation_style=\u00bbslide\u00bb animation_direction=\u00bbtop\u00bb animation_intensity_slide=\u00bb1%\u00bb box_shadow_style=\u00bbpreset4&#8243; box_shadow_horizontal=\u00bb120px\u00bb box_shadow_vertical=\u00bb120px\u00bb box_shadow_spread=\u00bb-60px\u00bb box_shadow_color=\u00bb#f0f2f6&#8243; global_colors_info=\u00bb{}\u00bb][\/et_pb_image][\/et_pb_column][\/et_pb_row][\/et_pb_section][et_pb_section fb_built=\u00bb1&#8243; admin_label=\u00bbAbout\u00bb _builder_version=\u00bb4.27.4&#8243; background_color=\u00bb#171717&#8243; custom_padding=\u00bb90px|0px|54px|0px|false|false\u00bb global_colors_info=\u00bb{}\u00bb][et_pb_row column_structure=\u00bb1_3,2_3&#8243; _builder_version=\u00bb4.16&#8243; global_colors_info=\u00bb{}\u00bb][et_pb_column type=\u00bb1_3&#8243; _builder_version=\u00bb4.16&#8243; custom_padding=\u00bb|||\u00bb global_colors_info=\u00bb{}\u00bb custom_padding__hover=\u00bb|||\u00bb][et_pb_image src=\u00bbhttp:\/\/perforacioneseingenieria.com.co\/wp-content\/uploads\/2025\/05\/Untitled-1-03.png\u00bb title_text=\u00bbUntitled-1-03&#8243; force_fullwidth=\u00bbon\u00bb _builder_version=\u00bb4.27.4&#8243; _module_preset=\u00bbdefault\u00bb global_colors_info=\u00bb{}\u00bb][\/et_pb_image][\/et_pb_column][et_pb_column type=\u00bb2_3&#8243; _builder_version=\u00bb4.16&#8243; custom_padding=\u00bb|||\u00bb global_colors_info=\u00bb{}\u00bb custom_padding__hover=\u00bb|||\u00bb][et_pb_text _builder_version=\u00bb4.27.4&#8243; text_font=\u00bbRed Hat Display||||||||\u00bb text_text_color=\u00bb#FFFFFF\u00bb text_font_size=\u00bb16px\u00bb text_line_height=\u00bb1.9em\u00bb header_font=\u00bbRed Hat Display|900|||||||\u00bb header_text_color=\u00bb#FFFFFF\u00bb header_2_font=\u00bb|700|||||||\u00bb header_2_font_size=\u00bb35px\u00bb header_2_line_height=\u00bb1.5em\u00bb header_6_font=\u00bb||||||||\u00bb max_width=\u00bb600px\u00bb max_width_last_edited=\u00bboff|desktop\u00bb module_alignment=\u00bbcenter\u00bb custom_margin=\u00bb|||\u00bb custom_padding=\u00bb|||\u00bb header_2_font_size_tablet=\u00bb30px\u00bb header_2_font_size_phone=\u00bb24px\u00bb header_2_font_size_last_edited=\u00bbon|phone\u00bb global_colors_info=\u00bb{}\u00bb]<\/p>\n<h2 style=\"text-align: justify;\"><span style=\"color: #ffffff;\">Nos destacamos por la ejecuci\u00f3n eficiente, precisa y responsable de proyectos en todo el territorio nacional e internacional, a trav\u00e9s de m\u00e9todos sin zanja como:<\/span><\/h2>\n<ul data-start=\"577\" data-end=\"748\">\n<li data-start=\"577\" data-end=\"618\">\n<p data-start=\"579\" data-end=\"618\"><span style=\"color: #ffffff;\">Perforaci\u00f3n Horizontal Dirigida (HDD)<\/span><\/p>\n<\/li>\n<li data-start=\"619\" data-end=\"654\">\n<p data-start=\"621\" data-end=\"654\"><span style=\"color: #ffffff;\">Perforaci\u00f3n con Sistema Ramming<\/span><\/p>\n<\/li>\n<li data-start=\"655\" data-end=\"687\">\n<p data-start=\"657\" data-end=\"687\"><span style=\"color: #ffffff;\">Construcci\u00f3n de Tunnel Liner<\/span><\/p>\n<\/li>\n<li data-start=\"688\" data-end=\"704\">\n<p data-start=\"690\" data-end=\"704\"><span style=\"color: #ffffff;\">Auger Boring<\/span><\/p>\n<\/li>\n<li data-start=\"705\" data-end=\"722\">\n<p data-start=\"707\" data-end=\"722\"><span style=\"color: #ffffff;\">Pipe Bursting<\/span><\/p>\n<\/li>\n<li data-start=\"723\" data-end=\"748\">\n<p data-start=\"725\" data-end=\"748\"><span style=\"color: #ffffff;\">Anclajes y Drenes Topos<\/span><\/p>\n<\/li>\n<\/ul>\n<p data-start=\"750\" data-end=\"906\"><span style=\"color: #ffffff;\">Contamos con un equipo altamente calificado, maquinaria especializada y una trayectoria reconocida por su solidez, cumplimiento y compromiso con la calidad.<\/span><\/p>\n<p>[\/et_pb_text][\/et_pb_column][\/et_pb_row][et_pb_row _builder_version=\u00bb4.27.4&#8243; width=\u00bb93%\u00bb max_width=\u00bb1600px\u00bb hover_enabled=\u00bb0&#8243; locked=\u00bboff\u00bb global_colors_info=\u00bb{}\u00bb column_structure=\u00bb3_5,2_5&#8243; sticky_enabled=\u00bb0&#8243;][et_pb_column type=\u00bb3_5&#8243; _builder_version=\u00bb4.16&#8243; custom_padding=\u00bb|||\u00bb global_colors_info=\u00bb{}\u00bb custom_padding__hover=\u00bb|||\u00bb][et_pb_text _builder_version=\u00bb4.27.4&#8243; text_font=\u00bbRed Hat Display|700|||||||\u00bb text_text_color=\u00bb#e13134&#8243; text_font_size=\u00bb40px\u00bb text_line_height=\u00bb1.5em\u00bb header_font=\u00bbRed Hat Display||||||||\u00bb text_orientation=\u00bbcenter\u00bb module_alignment=\u00bbcenter\u00bb text_font_size_tablet=\u00bb30px\u00bb text_font_size_phone=\u00bb24px\u00bb text_font_size_last_edited=\u00bbon|desktop\u00bb global_colors_info=\u00bb{}\u00bb]<\/p>\n<p>En <span style=\"color: #ffffff;\">Perforaciones e Ingenier\u00eda S.A.S.<\/span>, brindamos servicios especializados en perforaci\u00f3n subterr\u00e1nea para l\u00edneas de conducci\u00f3n y obras civiles, con un equipo competente que garantiza cumplimiento, seguridad y excelencia. Nos enfocamos en la mejora continua, el respeto por el medio ambiente y la total satisfacci\u00f3n de nuestros clientes.<\/p>\n<p>[\/et_pb_text][\/et_pb_column][et_pb_column type=\u00bb2_5&#8243; _builder_version=\u00bb4.16&#8243; custom_padding=\u00bb|||\u00bb global_colors_info=\u00bb{}\u00bb custom_padding__hover=\u00bb|||\u00bb][et_pb_image src=\u00bbhttp:\/\/perforacioneseingenieria.com.co\/wp-content\/uploads\/2025\/08\/WhatsApp-Image-2025-07-31-at-15.31.26.jpeg\u00bb _builder_version=\u00bb4.27.4&#8243; _module_preset=\u00bbdefault\u00bb title_text=\u00bbWhatsApp Image 2025-07-31 at 15.31.26&#8243; max_height=\u00bb580px\u00bb align=\u00bbcenter\u00bb hover_enabled=\u00bb0&#8243; sticky_enabled=\u00bb0&#8243;][\/et_pb_image][\/et_pb_column][\/et_pb_row][\/et_pb_section]<\/p>\n","protected":false},"excerpt":{"rendered":"<p>Nosotros Perforaciones e Ingenier\u00eda S.A.S. es una empresa colombiana fundada por ingenieros civiles con el objetivo de ofrecer soluciones especializadas en perforaci\u00f3n subterr\u00e1nea utilizando tecnolog\u00eda de vanguardia.About Anthony Business CoacH Lorem ipsum dolor sit amet, consectetur adipiscing elit, sed do eiusmod tempor incididunt ut labore et dolore magna aliqua. Ut enim ad minim veniam. Lorem ipsum dolor sit amet, consNos destacamos por la ejecuci\u00f3n eficiente, precisa y responsable de proyectos en todo el territorio nacional e internacional, a trav\u00e9s de m\u00e9todos sin zanja como: Perforaci\u00f3n Horizontal Dirigida (HDD) Perforaci\u00f3n con Sistema Ramming Construcci\u00f3n de Tunnel Liner Auger Boring Pipe Bursting Anclajes y Drenes Topos Contamos con un equipo altamente calificado, maquinaria especializada y una trayectoria reconocida por su solidez, cumplimiento y compromiso con la calidad.En Perforaciones e Ingenier\u00eda S.A.S., brindamos servicios especializados en perforaci\u00f3n subterr\u00e1nea para l\u00edneas de conducci\u00f3n y obras civiles, con un equipo competente que garantiza cumplimiento, seguridad y excelencia. Nos enfocamos en la mejora continua, el respeto por el medio ambiente y la total satisfacci\u00f3n de nuestros clientes.<\/p>\n","protected":false},"author":2,"featured_media":0,"parent":0,"menu_order":0,"comment_status":"closed","ping_status":"closed","template":"","meta":{"_et_pb_use_builder":"on","_et_pb_old_content":"","_et_gb_content_width":"","_joinchat":[],"footnotes":""},"class_list":["post-154","page","type-page","status-publish","hentry"],"yoast_head":"<!-- This site is optimized with the Yoast SEO plugin v25.1 - https:\/\/yoast.com\/wordpress\/plugins\/seo\/ -->\n<title>Nosotros | perforacioneseingenieria.com.co<\/title>\n<meta name=\"robots\" content=\"index, follow, max-snippet:-1, max-image-preview:large, max-video-preview:-1\" \/>\n<link rel=\"canonical\" href=\"https:\/\/perforacioneseingenieria.com.co\/?page_id=154\" \/>\n<meta property=\"og:locale\" content=\"es_ES\" \/>\n<meta property=\"og:type\" content=\"article\" \/>\n<meta property=\"og:title\" content=\"Nosotros | perforacioneseingenieria.com.co\" \/>\n<meta property=\"og:description\" content=\"Nosotros Perforaciones e Ingenier\u00eda S.A.S. es una empresa colombiana fundada por ingenieros civiles con el objetivo de ofrecer soluciones especializadas en perforaci\u00f3n subterr\u00e1nea utilizando tecnolog\u00eda de vanguardia.About Anthony Business CoacH Lorem ipsum dolor sit amet, consectetur adipiscing elit, sed do eiusmod tempor incididunt ut labore et dolore magna aliqua. Ut enim ad minim veniam. Lorem ipsum dolor sit amet, consNos destacamos por la ejecuci\u00f3n eficiente, precisa y responsable de proyectos en todo el territorio nacional e internacional, a trav\u00e9s de m\u00e9todos sin zanja como: Perforaci\u00f3n Horizontal Dirigida (HDD) Perforaci\u00f3n con Sistema Ramming Construcci\u00f3n de Tunnel Liner Auger Boring Pipe Bursting Anclajes y Drenes Topos Contamos con un equipo altamente calificado, maquinaria especializada y una trayectoria reconocida por su solidez, cumplimiento y compromiso con la calidad.En Perforaciones e Ingenier\u00eda S.A.S., brindamos servicios especializados en perforaci\u00f3n subterr\u00e1nea para l\u00edneas de conducci\u00f3n y obras civiles, con un equipo competente que garantiza cumplimiento, seguridad y excelencia. Nos enfocamos en la mejora continua, el respeto por el medio ambiente y la total satisfacci\u00f3n de nuestros clientes.\" \/>\n<meta property=\"og:url\" content=\"https:\/\/perforacioneseingenieria.com.co\/?page_id=154\" \/>\n<meta property=\"og:site_name\" content=\"perforacioneseingenieria.com.co\" \/>\n<meta property=\"article:publisher\" content=\"https:\/\/www.facebook.com\/perforaciones.sas\" \/>\n<meta property=\"article:modified_time\" content=\"2025-08-04T23:54:26+00:00\" \/>\n<meta name=\"twitter:card\" content=\"summary_large_image\" \/>\n<meta name=\"twitter:label1\" content=\"Tiempo de lectura\" \/>\n\t<meta name=\"twitter:data1\" content=\"6 minutos\" \/>\n<script type=\"application\/ld+json\" class=\"yoast-schema-graph\">{\"@context\":\"https:\/\/schema.org\",\"@graph\":[{\"@type\":\"WebPage\",\"@id\":\"https:\/\/perforacioneseingenieria.com.co\/?page_id=154\",\"url\":\"https:\/\/perforacioneseingenieria.com.co\/?page_id=154\",\"name\":\"Nosotros | perforacioneseingenieria.com.co\",\"isPartOf\":{\"@id\":\"https:\/\/perforacioneseingenieria.com.co\/#website\"},\"datePublished\":\"2023-04-17T17:03:02+00:00\",\"dateModified\":\"2025-08-04T23:54:26+00:00\",\"breadcrumb\":{\"@id\":\"https:\/\/perforacioneseingenieria.com.co\/?page_id=154#breadcrumb\"},\"inLanguage\":\"es\",\"potentialAction\":[{\"@type\":\"ReadAction\",\"target\":[\"https:\/\/perforacioneseingenieria.com.co\/?page_id=154\"]}]},{\"@type\":\"BreadcrumbList\",\"@id\":\"https:\/\/perforacioneseingenieria.com.co\/?page_id=154#breadcrumb\",\"itemListElement\":[{\"@type\":\"ListItem\",\"position\":1,\"name\":\"Inicio\",\"item\":\"https:\/\/perforacioneseingenieria.com.co\/\"},{\"@type\":\"ListItem\",\"position\":2,\"name\":\"Nosotros\"}]},{\"@type\":\"WebSite\",\"@id\":\"https:\/\/perforacioneseingenieria.com.co\/#website\",\"url\":\"https:\/\/perforacioneseingenieria.com.co\/\",\"name\":\"\u25b7 Perforaciones e ingenier\u00eda llama ya \u260e\ufe0f3213678183\",\"description\":\"Perforaciones e ingenier\u00eda llama ya \u260e\ufe0f3213678183\",\"publisher\":{\"@id\":\"https:\/\/perforacioneseingenieria.com.co\/#organization\"},\"alternateName\":\"Los expertos en Perforaciones e ingenier\u00eda\",\"potentialAction\":[{\"@type\":\"SearchAction\",\"target\":{\"@type\":\"EntryPoint\",\"urlTemplate\":\"https:\/\/perforacioneseingenieria.com.co\/?s={search_term_string}\"},\"query-input\":{\"@type\":\"PropertyValueSpecification\",\"valueRequired\":true,\"valueName\":\"search_term_string\"}}],\"inLanguage\":\"es\"},{\"@type\":\"Organization\",\"@id\":\"https:\/\/perforacioneseingenieria.com.co\/#organization\",\"name\":\"\u25b7 Perforaciones e ingenier\u00eda llama ya \u260e\ufe0f3213678183\",\"url\":\"https:\/\/perforacioneseingenieria.com.co\/\",\"logo\":{\"@type\":\"ImageObject\",\"inLanguage\":\"es\",\"@id\":\"https:\/\/perforacioneseingenieria.com.co\/#\/schema\/logo\/image\/\",\"url\":\"https:\/\/perforacioneseingenieria.com.co\/wp-content\/uploads\/2023\/04\/cropped-Logo-Perforaciones-icon-01.webp\",\"contentUrl\":\"https:\/\/perforacioneseingenieria.com.co\/wp-content\/uploads\/2023\/04\/cropped-Logo-Perforaciones-icon-01.webp\",\"width\":512,\"height\":512,\"caption\":\"\u25b7 Perforaciones e ingenier\u00eda llama ya \u260e\ufe0f3213678183\"},\"image\":{\"@id\":\"https:\/\/perforacioneseingenieria.com.co\/#\/schema\/logo\/image\/\"},\"sameAs\":[\"https:\/\/www.facebook.com\/perforaciones.sas\",\"https:\/\/www.instagram.com\/perfoingesa\",\"https:\/\/www.youtube.com\/@perforacioneseingenieriasa2629\"]}]}<\/script>\n<!-- \/ Yoast SEO plugin. -->","yoast_head_json":{"title":"Nosotros | perforacioneseingenieria.com.co","robots":{"index":"index","follow":"follow","max-snippet":"max-snippet:-1","max-image-preview":"max-image-preview:large","max-video-preview":"max-video-preview:-1"},"canonical":"https:\/\/perforacioneseingenieria.com.co\/?page_id=154","og_locale":"es_ES","og_type":"article","og_title":"Nosotros | perforacioneseingenieria.com.co","og_description":"Nosotros Perforaciones e Ingenier\u00eda S.A.S. es una empresa colombiana fundada por ingenieros civiles con el objetivo de ofrecer soluciones especializadas en perforaci\u00f3n subterr\u00e1nea utilizando tecnolog\u00eda de vanguardia.About Anthony Business CoacH Lorem ipsum dolor sit amet, consectetur adipiscing elit, sed do eiusmod tempor incididunt ut labore et dolore magna aliqua. Ut enim ad minim veniam. Lorem ipsum dolor sit amet, consNos destacamos por la ejecuci\u00f3n eficiente, precisa y responsable de proyectos en todo el territorio nacional e internacional, a trav\u00e9s de m\u00e9todos sin zanja como: Perforaci\u00f3n Horizontal Dirigida (HDD) Perforaci\u00f3n con Sistema Ramming Construcci\u00f3n de Tunnel Liner Auger Boring Pipe Bursting Anclajes y Drenes Topos Contamos con un equipo altamente calificado, maquinaria especializada y una trayectoria reconocida por su solidez, cumplimiento y compromiso con la calidad.En Perforaciones e Ingenier\u00eda S.A.S., brindamos servicios especializados en perforaci\u00f3n subterr\u00e1nea para l\u00edneas de conducci\u00f3n y obras civiles, con un equipo competente que garantiza cumplimiento, seguridad y excelencia. Nos enfocamos en la mejora continua, el respeto por el medio ambiente y la total satisfacci\u00f3n de nuestros clientes.","og_url":"https:\/\/perforacioneseingenieria.com.co\/?page_id=154","og_site_name":"perforacioneseingenieria.com.co","article_publisher":"https:\/\/www.facebook.com\/perforaciones.sas","article_modified_time":"2025-08-04T23:54:26+00:00","twitter_card":"summary_large_image","twitter_misc":{"Tiempo de lectura":"6 minutos"},"schema":{"@context":"https:\/\/schema.org","@graph":[{"@type":"WebPage","@id":"https:\/\/perforacioneseingenieria.com.co\/?page_id=154","url":"https:\/\/perforacioneseingenieria.com.co\/?page_id=154","name":"Nosotros | perforacioneseingenieria.com.co","isPartOf":{"@id":"https:\/\/perforacioneseingenieria.com.co\/#website"},"datePublished":"2023-04-17T17:03:02+00:00","dateModified":"2025-08-04T23:54:26+00:00","breadcrumb":{"@id":"https:\/\/perforacioneseingenieria.com.co\/?page_id=154#breadcrumb"},"inLanguage":"es","potentialAction":[{"@type":"ReadAction","target":["https:\/\/perforacioneseingenieria.com.co\/?page_id=154"]}]},{"@type":"BreadcrumbList","@id":"https:\/\/perforacioneseingenieria.com.co\/?page_id=154#breadcrumb","itemListElement":[{"@type":"ListItem","position":1,"name":"Inicio","item":"https:\/\/perforacioneseingenieria.com.co\/"},{"@type":"ListItem","position":2,"name":"Nosotros"}]},{"@type":"WebSite","@id":"https:\/\/perforacioneseingenieria.com.co\/#website","url":"https:\/\/perforacioneseingenieria.com.co\/","name":"\u25b7 Perforaciones e ingenier\u00eda llama ya \u260e\ufe0f3213678183","description":"Perforaciones e ingenier\u00eda llama ya \u260e\ufe0f3213678183","publisher":{"@id":"https:\/\/perforacioneseingenieria.com.co\/#organization"},"alternateName":"Los expertos en Perforaciones e ingenier\u00eda","potentialAction":[{"@type":"SearchAction","target":{"@type":"EntryPoint","urlTemplate":"https:\/\/perforacioneseingenieria.com.co\/?s={search_term_string}"},"query-input":{"@type":"PropertyValueSpecification","valueRequired":true,"valueName":"search_term_string"}}],"inLanguage":"es"},{"@type":"Organization","@id":"https:\/\/perforacioneseingenieria.com.co\/#organization","name":"\u25b7 Perforaciones e ingenier\u00eda llama ya \u260e\ufe0f3213678183","url":"https:\/\/perforacioneseingenieria.com.co\/","logo":{"@type":"ImageObject","inLanguage":"es","@id":"https:\/\/perforacioneseingenieria.com.co\/#\/schema\/logo\/image\/","url":"https:\/\/perforacioneseingenieria.com.co\/wp-content\/uploads\/2023\/04\/cropped-Logo-Perforaciones-icon-01.webp","contentUrl":"https:\/\/perforacioneseingenieria.com.co\/wp-content\/uploads\/2023\/04\/cropped-Logo-Perforaciones-icon-01.webp","width":512,"height":512,"caption":"\u25b7 Perforaciones e ingenier\u00eda llama ya \u260e\ufe0f3213678183"},"image":{"@id":"https:\/\/perforacioneseingenieria.com.co\/#\/schema\/logo\/image\/"},"sameAs":["https:\/\/www.facebook.com\/perforaciones.sas","https:\/\/www.instagram.com\/perfoingesa","https:\/\/www.youtube.com\/@perforacioneseingenieriasa2629"]}]}},"_links":{"self":[{"href":"https:\/\/perforacioneseingenieria.com.co\/index.php?rest_route=\/wp\/v2\/pages\/154","targetHints":{"allow":["GET"]}}],"collection":[{"href":"https:\/\/perforacioneseingenieria.com.co\/index.php?rest_route=\/wp\/v2\/pages"}],"about":[{"href":"https:\/\/perforacioneseingenieria.com.co\/index.php?rest_route=\/wp\/v2\/types\/page"}],"author":[{"embeddable":true,"href":"https:\/\/perforacioneseingenieria.com.co\/index.php?rest_route=\/wp\/v2\/users\/2"}],"replies":[{"embeddable":true,"href":"https:\/\/perforacioneseingenieria.com.co\/index.php?rest_route=%2Fwp%2Fv2%2Fcomments&post=154"}],"version-history":[{"count":15,"href":"https:\/\/perforacioneseingenieria.com.co\/index.php?rest_route=\/wp\/v2\/pages\/154\/revisions"}],"predecessor-version":[{"id":2934,"href":"https:\/\/perforacioneseingenieria.com.co\/index.php?rest_route=\/wp\/v2\/pages\/154\/revisions\/2934"}],"wp:attachment":[{"href":"https:\/\/perforacioneseingenieria.com.co\/index.php?rest_route=%2Fwp%2Fv2%2Fmedia&parent=154"}],"curies":[{"name":"wp","href":"https:\/\/api.w.org\/{rel}","templated":true}]}}